{"id":3,"date":"2025-08-12T11:57:26","date_gmt":"2025-08-12T11:57:26","guid":{"rendered":"http:\/\/balancepaws.shop\/?page_id=3"},"modified":"2025-09-01T11:39:02","modified_gmt":"2025-09-01T11:39:02","slug":"privacy-policy","status":"publish","type":"page","link":"https:\/\/balancepaws.shop\/ro\/privacy-policy\/","title":{"rendered":"POLITICA DE CONFIDEN\u021aIALITATE"},"content":{"rendered":"<style>.elementor-3 .elementor-element.elementor-element-2fa4fccb{--display:flex;}.elementor-3 .elementor-element.elementor-element-65c33dc{--display:flex;--flex-direction:column;--container-widget-width:100%;--container-widget-height:initial;--container-widget-flex-grow:0;--container-widget-align-self:initial;--flex-wrap-mobile:wrap;}<\/style>\t\t<div data-elementor-type=\"wp-page\" data-elementor-id=\"3\" class=\"elementor elementor-3\">\n\t\t\t\t<div class=\"elementor-element elementor-element-2fa4fccb e-flex e-con-boxed e-con e-parent\" data-id=\"2fa4fccb\" data-element_type=\"container\" data-e-type=\"container\">\n\t\t\t\t\t<div class=\"e-con-inner\">\n\t\t\t\t<div class=\"elementor-element elementor-element-1cc4154d elementor-widget elementor-widget-text-editor\" data-id=\"1cc4154d\" data-element_type=\"widget\" data-e-type=\"widget\" data-widget_type=\"text-editor.default\">\n\t\t\t\t\t\t\t\t\t\n<h2 class=\"wp-block-heading\">POLITICA DE CONFIDEN\u021aIALITATE<\/h2>\t\t\t\t\t\t\t\t<\/div>\n\t\t\t\t\t<\/div>\n\t\t\t\t<\/div>\n\t\t<div class=\"elementor-element elementor-element-65c33dc e-flex e-con-boxed e-con e-parent\" data-id=\"65c33dc\" data-element_type=\"container\" data-e-type=\"container\">\n\t\t\t\t\t<div class=\"e-con-inner\">\n\t\t\t\t<div class=\"elementor-element elementor-element-9dd7b98 elementor-widget elementor-widget-text-editor\" data-id=\"9dd7b98\" data-element_type=\"widget\" data-e-type=\"widget\" data-widget_type=\"text-editor.default\">\n\t\t\t\t\t\t\t\t\t<h3>\u00a0\u2013 balancepaws.shop<\/h3>\n<div class=\"mb-2 whitespace-pre-line last:mb-0\" data-sentry-component=\"P\" data-sentry-source-file=\"p.tsx\"><strong>Data ultimei actualiz\u0103ri: 01.09.2025<\/strong><\/div>\n<h4>1. INFORMA\u021aII GENERALE<\/h4>\n<div class=\"mb-2 whitespace-pre-line last:mb-0\" data-sentry-component=\"P\" data-sentry-source-file=\"p.tsx\">Aceast\u0103 Politic\u0103 de Confiden\u021bialitate (\u201ePolitica\u201d) descrie modul \u00een care <strong>Samuel Buzatu PFA<\/strong> (\u201enoi\u201d, \u201eCompania\u201d), operator al site-ului balancepaws.shop (\u201eSite-ul\u201d), colecteaz\u0103, utilizeaz\u0103, stocheaz\u0103 \u0219i protejeaz\u0103 informa\u021biile dumneavoastr\u0103 personale, \u00een conformitate cu Regulamentul (UE) 2016\/679 (GDPR) \u0219i legisla\u021bia na\u021bional\u0103 aplicabil\u0103.<\/div>\n<h4>2. OPERATORUL DE DATE<\/h4>\n<ul>\n<li><strong>Nume firm\u0103:<\/strong>\u00a0Samuel Buzatu PFA<\/li>\n<li><strong>CUI:<\/strong>\u00a051541914<\/li>\n<li><strong>Reg. Comer\u021bului:<\/strong>\u00a0F2025010405009<\/li>\n<li><strong>EUID:<\/strong>\u00a0ROONRC.F2025010405009<\/li>\n<li><strong>Sediu:<\/strong>\u00a0Municipiul Bucure\u0219ti, Sectorul 1<\/li>\n<li><strong>Website:<\/strong>\u00a0digitalromanian.com<\/li>\n<li><strong>Email contact:<\/strong>\u00a0<a href=\"mailto:samuel.buzatu@digitalromanian.com\" target=\"_blank\" rel=\"noopener noreferrer\" data-sentry-component=\"A\" data-sentry-source-file=\"a.tsx\">samuel.buzatu@digitalromanian.com<\/a><\/li>\n<\/ul>\n<h4>3. TIPURI DE DATE COLECTATE<\/h4>\n<div class=\"mb-2 whitespace-pre-line last:mb-0\" data-sentry-component=\"P\" data-sentry-source-file=\"p.tsx\"><strong>3.1 Date de identificare:<\/strong><\/div>\n<ul>\n<li>Nume \u0219i prenume<\/li>\n<li>Adres\u0103 de email<\/li>\n<li>Num\u0103r de telefon<\/li>\n<li>Adres\u0103 de livrare \u0219i facturare<\/li>\n<\/ul>\n<div class=\"mb-2 whitespace-pre-line last:mb-0\" data-sentry-component=\"P\" data-sentry-source-file=\"p.tsx\"><strong>3.2 Date de comand\u0103:<\/strong><\/div>\n<ul>\n<li>Istoricul comenzilor<\/li>\n<li>Preferin\u021be de produse<\/li>\n<li>Detalii de plat\u0103 (procesate securizat prin intermediul procesatorilor autoriza\u021bi)<\/li>\n<\/ul>\n<div class=\"mb-2 whitespace-pre-line last:mb-0\" data-sentry-component=\"P\" data-sentry-source-file=\"p.tsx\"><strong>3.3 Date tehnice \u0219i de utilizare:<\/strong><\/div>\n<ul>\n<li>IP, device, browser, sistem de operare<\/li>\n<li>Paginile vizitate, durata sesiunilor<\/li>\n<li>Cookies \u0219i tehnologii similare &#8211; vezi sec\u021biunea Cookies<\/li>\n<\/ul>\n<h4>4. SCOPURILE \u0218I TEMEIURILE PRELUCR\u0102RII<\/h4>\n<ul>\n<li><strong>Executarea contractului:<\/strong>\u00a0Procesarea \u0219i livrarea comenzilor, facturarea, comunicarea cu clien\u021bii<\/li>\n<li><strong>Interesul legitim:<\/strong>\u00a0\u00cembun\u0103t\u0103\u021birea site-ului, securitate, prevenirea fraudelor<\/li>\n<li><strong>Consim\u021b\u0103m\u00e2nt:<\/strong>\u00a0Trimiterea de newslettere, personalizarea experien\u021bei, cookie-uri neesen\u021biale<\/li>\n<li><strong>Obliga\u021bii legale:<\/strong>\u00a0P\u0103strarea documentelor contabile\/fiscale, conformitate juridic\u0103<\/li>\n<\/ul>\n<h4>5. PARTAJAREA DATELOR<\/h4>\n<ul>\n<li>Furnizori de servicii (curierat, pl\u0103\u021bi, IT)<\/li>\n<li>Autorit\u0103\u021bi dac\u0103 este necesar legal<\/li>\n<li>Nu vindem \u0219i nu \u00eenchiriem date personale c\u0103tre ter\u021bi<\/li>\n<\/ul>\n<h4>6. TRANSFERUL DATELOR \u00ceN AFARA UE<\/h4>\n<div class=\"mb-2 whitespace-pre-line last:mb-0\" data-sentry-component=\"P\" data-sentry-source-file=\"p.tsx\">Datele pot fi transferate intern sau c\u0103tre furnizori externi doar cu respectarea legisla\u021biei europene \u0219i implementarea m\u0103surilor de siguran\u021b\u0103.<\/div>\n<h4>7. PERIOADA DE P\u0102STRARE<\/h4>\n<ul>\n<li>Date de cont: c\u00e2t timp este activ + 3 ani dup\u0103 ultima activitate<\/li>\n<li>Date de comand\u0103: minimum 5 ani pentru obliga\u021bii fiscale<\/li>\n<li>Marketing: p\u00e2n\u0103 la retragerea consim\u021b\u0103m\u00e2ntului, maximum 3 ani de la ultima interac\u021biune<\/li>\n<\/ul>\n<h4>8. DREPTURILE DUMNEAVOASTR\u0102<\/h4>\n<ul>\n<li>Dreptul la informare, acces, rectificare, \u0219tergere<\/li>\n<li>Dreptul la restric\u021bionare, portabilitate, opozi\u021bie<\/li>\n<li>Dreptul de a nu fi supus deciziilor automate<\/li>\n<li>Pentru exercitarea drepturilor:\u00a0<a href=\"mailto:samuel.buzatu@digitalromanian.com\" target=\"_blank\" rel=\"noopener noreferrer\" data-sentry-component=\"A\" data-sentry-source-file=\"a.tsx\">samuel.buzatu@digitalromanian.com<\/a><br \/>V\u0103 r\u0103spundem \u00een maximum 30 de zile.<\/li>\n<\/ul>\n<h4>9. SECURITATEA DATELOR<\/h4>\n<ul>\n<li>Criptare, backup, acces controlat<\/li>\n<li>Monitorizare permanent\u0103 a infrastructurii<\/li>\n<li>Training personal<\/li>\n<\/ul>\n<h4>10. COOKIE-URI \u0218I TEHNOLOGII SIMILARE<\/h4>\n<ul>\n<li>Cookies esen\u021biale, de analiz\u0103, de marketing (doar cu consim\u021b\u0103m\u00e2nt)<\/li>\n<li>Gestiune cookies: direct din browser\/panoul site-ului<\/li>\n<\/ul>\n<h4>11. MODIFIC\u0102RI ALE POLITICII<\/h4>\n<div class=\"mb-2 whitespace-pre-line last:mb-0\" data-sentry-component=\"P\" data-sentry-source-file=\"p.tsx\">Orice modificare va fi publicat\u0103 pe site cu dat\u0103 actualizare \u0219i va fi notificat\u0103 corespunz\u0103tor.<\/div>\n<h4>12. RECLAMA\u021aII \u0218I CONTACT<\/h4>\n<ul>\n<li>Pentru sesiz\u0103ri pute\u021bi contacta ANSPDCP\n<ul>\n<li>Adres\u0103: B-dul G-ral. Gheorghe Magheru 28-30, Bucure\u0219ti<\/li>\n<li>Email:\u00a0<a href=\"mailto:anspdcp@dataprotection.ro\" target=\"_blank\" rel=\"noopener noreferrer\" data-sentry-component=\"A\" data-sentry-source-file=\"a.tsx\">anspdcp@dataprotection.ro<\/a><\/li>\n<\/ul>\n<\/li>\n<li>Pentru orice \u00eentreb\u0103ri sau pentru exercitarea drepturilor GDPR:<br \/><strong>Email:<\/strong>\u00a0<a href=\"mailto:samuel.buzatu@digitalromanian.com\" target=\"_blank\" rel=\"noopener noreferrer\" data-sentry-component=\"A\" data-sentry-source-file=\"a.tsx\">samuel.buzatu@digitalromanian.com<\/a><\/li>\n<\/ul>\t\t\t\t\t\t\t\t<\/div>\n\t\t\t\t\t<\/div>\n\t\t\t\t<\/div>\n\t\t\t\t<\/div>\n\t\t\n    <div class=\"xs_social_share_widget xs_share_url after_content \t\tmain_content  wslu-style-1 wslu-share-box-shaped wslu-fill-colored wslu-none wslu-share-horizontal wslu-theme-font-no wslu-main_content\">\n\n\t\t\n        <ul>\n\t\t\t        <\/ul>\n    <\/div> \n","protected":false},"excerpt":{"rendered":"<p>POLITICA DE CONFIDEN\u021aIALITATE \u00a0\u2013 balancepaws.shop Data ultimei actualiz\u0103ri: 01.09.2025 1. INFORMA\u021aII GENERALE Aceast\u0103 Politic\u0103 de Confiden\u021bialitate (\u201ePolitica\u201d) descrie modul \u00een&#8230;<\/p>\n","protected":false},"author":1,"featured_media":0,"parent":0,"menu_order":0,"comment_status":"closed","ping_status":"open","template":"","meta":{"om_disable_all_campaigns":false,"_monsterinsights_skip_tracking":false,"_monsterinsights_sitenote_active":false,"_monsterinsights_sitenote_note":"","_monsterinsights_sitenote_category":0,"footnotes":""},"class_list":["post-3","page","type-page","status-publish","hentry"],"_hostinger_reach_plugin_has_subscription_block":false,"_hostinger_reach_plugin_is_elementor":false,"jetpack_sharing_enabled":true,"_links":{"self":[{"href":"https:\/\/balancepaws.shop\/ro\/wp-json\/wp\/v2\/pages\/3","targetHints":{"allow":["GET"]}}],"collection":[{"href":"https:\/\/balancepaws.shop\/ro\/wp-json\/wp\/v2\/pages"}],"about":[{"href":"https:\/\/balancepaws.shop\/ro\/wp-json\/wp\/v2\/types\/page"}],"author":[{"embeddable":true,"href":"https:\/\/balancepaws.shop\/ro\/wp-json\/wp\/v2\/users\/1"}],"replies":[{"embeddable":true,"href":"https:\/\/balancepaws.shop\/ro\/wp-json\/wp\/v2\/comments?post=3"}],"version-history":[{"count":5,"href":"https:\/\/balancepaws.shop\/ro\/wp-json\/wp\/v2\/pages\/3\/revisions"}],"predecessor-version":[{"id":1476,"href":"https:\/\/balancepaws.shop\/ro\/wp-json\/wp\/v2\/pages\/3\/revisions\/1476"}],"wp:attachment":[{"href":"https:\/\/balancepaws.shop\/ro\/wp-json\/wp\/v2\/media?parent=3"}],"curies":[{"name":"wp","href":"https:\/\/api.w.org\/{rel}","templated":true}]}}