{"id":1818,"date":"2025-09-15T17:37:44","date_gmt":"2025-09-15T17:37:44","guid":{"rendered":"https:\/\/balancepaws.shop\/?post_type=product&#038;p=1818"},"modified":"2026-02-16T14:05:55","modified_gmt":"2026-02-16T14:05:55","slug":"companionul-pasarilor-ghid-complet-de-ingrijire","status":"publish","type":"product","link":"https:\/\/balancepaws.shop\/ro\/product\/companionul-pasarilor-ghid-complet-de-ingrijire\/","title":{"rendered":"Companionul P\u0103s\u0103rilor \u2013 Ghid complet de \u00eengrijire"},"content":{"rendered":"\n    <div class=\"xs_social_share_widget xs_share_url after_content \t\tmain_content  wslu-style-1 wslu-share-box-shaped wslu-fill-colored wslu-none wslu-share-horizontal wslu-theme-font-no wslu-main_content\">\n\n\t\t\n        <ul>\n\t\t\t        <\/ul>\n    <\/div> \n","protected":false},"excerpt":{"rendered":"<p><span class=\"a_GcMg font-feature-liga-off font-feature-clig-off font-feature-calt-off text-decoration-none text-strikethrough-none\">P\u0103s\u0103rile au fost dintotdeauna considerate fiin\u021be delicate, pline de culoare \u0219i energie, care aduc bucurie \u00een via\u021ba oamenilor. De la papagali juc\u0103u\u0219i \u0219i vorb\u0103re\u021bi, p\u00e2n\u0103 la canari melodio\u0219i sau perusi prieteno\u0219i, fiecare pas\u0103re are personalitatea \u0219i nevoile ei unice. Totu\u0219i, mul\u021bi proprietari descoper\u0103 c\u0103 \u00eengrijirea unei p\u0103s\u0103ri nu este at\u00e2t de simpl\u0103 precum pare.<\/span><\/p>\n","protected":false},"featured_media":1820,"comment_status":"open","ping_status":"closed","template":"","meta":{"om_disable_all_campaigns":false,"_monsterinsights_skip_tracking":false,"_monsterinsights_sitenote_active":false,"_monsterinsights_sitenote_note":"","_monsterinsights_sitenote_category":0},"product_brand":[],"product_cat":[51],"product_tag":[],"class_list":{"0":"post-1818","1":"product","2":"type-product","3":"status-publish","4":"has-post-thumbnail","6":"product_cat-ebooks","8":"first","9":"instock","10":"downloadable","11":"virtual","12":"purchasable","13":"product-type-simple"},"yoast_head":"<!-- This site is optimized with the Yoast SEO plugin v27.3 - https:\/\/yoast.com\/product\/yoast-seo-wordpress\/ -->\n<title>Companionul P\u0103s\u0103rilor \u2013 Ghid complet de \u00eengrijire - Balance Paws<\/title>\n<meta name=\"robots\" content=\"index, follow, max-snippet:-1, max-image-preview:large, max-video-preview:-1\" \/>\n<link rel=\"canonical\" href=\"https:\/\/balancepaws.shop\/ro\/product\/companionul-pasarilor-ghid-complet-de-ingrijire\/\" \/>\n<meta property=\"og:locale\" content=\"ro_RO\" \/>\n<meta property=\"og:type\" content=\"article\" \/>\n<meta property=\"og:title\" content=\"Companionul P\u0103s\u0103rilor \u2013 Ghid complet de \u00eengrijire - Balance Paws\" \/>\n<meta property=\"og:description\" content=\"P\u0103s\u0103rile au fost dintotdeauna considerate fiin\u021be delicate, pline de culoare \u0219i energie, care aduc bucurie \u00een via\u021ba oamenilor. De la papagali juc\u0103u\u0219i \u0219i vorb\u0103re\u021bi, p\u00e2n\u0103 la canari melodio\u0219i sau perusi prieteno\u0219i, fiecare pas\u0103re are personalitatea \u0219i nevoile ei unice. Totu\u0219i, mul\u021bi proprietari descoper\u0103 c\u0103 \u00eengrijirea unei p\u0103s\u0103ri nu este at\u00e2t de simpl\u0103 precum pare.\" \/>\n<meta property=\"og:url\" content=\"https:\/\/balancepaws.shop\/ro\/product\/companionul-pasarilor-ghid-complet-de-ingrijire\/\" \/>\n<meta property=\"og:site_name\" content=\"Balance Paws\" \/>\n<meta property=\"article:publisher\" content=\"https:\/\/www.facebook.com\/yngyang.de\" \/>\n<meta property=\"article:modified_time\" content=\"2026-02-16T14:05:55+00:00\" \/>\n<meta property=\"og:image\" content=\"https:\/\/balancepaws.shop\/wp-content\/uploads\/2025\/09\/Companionul-Pasarilor-\u2013-Ghid-complet-de-ingrijire.png\" \/>\n\t<meta property=\"og:image:width\" content=\"512\" \/>\n\t<meta property=\"og:image:height\" content=\"800\" \/>\n\t<meta property=\"og:image:type\" content=\"image\/png\" \/>\n<meta name=\"twitter:card\" content=\"summary_large_image\" \/>\n<script type=\"application\/ld+json\" class=\"yoast-schema-graph\">{\"@context\":\"https:\\\/\\\/schema.org\",\"@graph\":[{\"@type\":\"WebPage\",\"@id\":\"https:\\\/\\\/balancepaws.shop\\\/product\\\/companionul-pasarilor-ghid-complet-de-ingrijire\\\/\",\"url\":\"https:\\\/\\\/balancepaws.shop\\\/product\\\/companionul-pasarilor-ghid-complet-de-ingrijire\\\/\",\"name\":\"Companionul P\u0103s\u0103rilor \u2013 Ghid complet de \u00eengrijire - Balance Paws\",\"isPartOf\":{\"@id\":\"https:\\\/\\\/balancepaws.shop\\\/#website\"},\"primaryImageOfPage\":{\"@id\":\"https:\\\/\\\/balancepaws.shop\\\/product\\\/companionul-pasarilor-ghid-complet-de-ingrijire\\\/#primaryimage\"},\"image\":{\"@id\":\"https:\\\/\\\/balancepaws.shop\\\/product\\\/companionul-pasarilor-ghid-complet-de-ingrijire\\\/#primaryimage\"},\"thumbnailUrl\":\"https:\\\/\\\/balancepaws.shop\\\/wp-content\\\/uploads\\\/2025\\\/09\\\/Companionul-Pasarilor-\u2013-Ghid-complet-de-ingrijire.png\",\"datePublished\":\"2025-09-15T17:37:44+00:00\",\"dateModified\":\"2026-02-16T14:05:55+00:00\",\"breadcrumb\":{\"@id\":\"https:\\\/\\\/balancepaws.shop\\\/product\\\/companionul-pasarilor-ghid-complet-de-ingrijire\\\/#breadcrumb\"},\"inLanguage\":\"ro-RO\",\"potentialAction\":[{\"@type\":\"ReadAction\",\"target\":[\"https:\\\/\\\/balancepaws.shop\\\/product\\\/companionul-pasarilor-ghid-complet-de-ingrijire\\\/\"]}]},{\"@type\":\"ImageObject\",\"inLanguage\":\"ro-RO\",\"@id\":\"https:\\\/\\\/balancepaws.shop\\\/product\\\/companionul-pasarilor-ghid-complet-de-ingrijire\\\/#primaryimage\",\"url\":\"https:\\\/\\\/balancepaws.shop\\\/wp-content\\\/uploads\\\/2025\\\/09\\\/Companionul-Pasarilor-\u2013-Ghid-complet-de-ingrijire.png\",\"contentUrl\":\"https:\\\/\\\/balancepaws.shop\\\/wp-content\\\/uploads\\\/2025\\\/09\\\/Companionul-Pasarilor-\u2013-Ghid-complet-de-ingrijire.png\",\"width\":512,\"height\":800},{\"@type\":\"BreadcrumbList\",\"@id\":\"https:\\\/\\\/balancepaws.shop\\\/product\\\/companionul-pasarilor-ghid-complet-de-ingrijire\\\/#breadcrumb\",\"itemListElement\":[{\"@type\":\"ListItem\",\"position\":1,\"name\":\"Home\",\"item\":\"https:\\\/\\\/balancepaws.shop\\\/\"},{\"@type\":\"ListItem\",\"position\":2,\"name\":\"Shop\",\"item\":\"https:\\\/\\\/balancepaws.shop\\\/shop\\\/\"},{\"@type\":\"ListItem\",\"position\":3,\"name\":\"Companionul P\u0103s\u0103rilor \u2013 Ghid complet de \u00eengrijire\"}]},{\"@type\":\"WebSite\",\"@id\":\"https:\\\/\\\/balancepaws.shop\\\/#website\",\"url\":\"https:\\\/\\\/balancepaws.shop\\\/\",\"name\":\"Balance Paws\",\"description\":\"Prima cutie dedicat\u0103 animalelor de companie \u00een Rom\u00e2nia.\",\"publisher\":{\"@id\":\"https:\\\/\\\/balancepaws.shop\\\/#organization\"},\"potentialAction\":[{\"@type\":\"SearchAction\",\"target\":{\"@type\":\"EntryPoint\",\"urlTemplate\":\"https:\\\/\\\/balancepaws.shop\\\/?s={search_term_string}\"},\"query-input\":{\"@type\":\"PropertyValueSpecification\",\"valueRequired\":true,\"valueName\":\"search_term_string\"}}],\"inLanguage\":\"ro-RO\"},{\"@type\":\"Organization\",\"@id\":\"https:\\\/\\\/balancepaws.shop\\\/#organization\",\"name\":\"Balance Paws\",\"url\":\"https:\\\/\\\/balancepaws.shop\\\/\",\"logo\":{\"@type\":\"ImageObject\",\"inLanguage\":\"ro-RO\",\"@id\":\"https:\\\/\\\/balancepaws.shop\\\/#\\\/schema\\\/logo\\\/image\\\/\",\"url\":\"https:\\\/\\\/balancepaws.shop\\\/wp-content\\\/uploads\\\/2025\\\/08\\\/cropped-1.png\",\"contentUrl\":\"https:\\\/\\\/balancepaws.shop\\\/wp-content\\\/uploads\\\/2025\\\/08\\\/cropped-1.png\",\"width\":314,\"height\":268,\"caption\":\"Balance Paws\"},\"image\":{\"@id\":\"https:\\\/\\\/balancepaws.shop\\\/#\\\/schema\\\/logo\\\/image\\\/\"},\"sameAs\":[\"https:\\\/\\\/www.facebook.com\\\/yngyang.de\",\"https:\\\/\\\/www.tiktok.com\\\/@balancepaws_shop\",\"https:\\\/\\\/www.instagram.com\\\/balancepaws.shop\\\/\"]}]}<\/script>\n<!-- \/ Yoast SEO plugin. -->","yoast_head_json":{"title":"Companionul P\u0103s\u0103rilor \u2013 Ghid complet de \u00eengrijire - Balance Paws","robots":{"index":"index","follow":"follow","max-snippet":"max-snippet:-1","max-image-preview":"max-image-preview:large","max-video-preview":"max-video-preview:-1"},"canonical":"https:\/\/balancepaws.shop\/ro\/product\/companionul-pasarilor-ghid-complet-de-ingrijire\/","og_locale":"ro_RO","og_type":"article","og_title":"Companionul P\u0103s\u0103rilor \u2013 Ghid complet de \u00eengrijire - Balance Paws","og_description":"P\u0103s\u0103rile au fost dintotdeauna considerate fiin\u021be delicate, pline de culoare \u0219i energie, care aduc bucurie \u00een via\u021ba oamenilor. De la papagali juc\u0103u\u0219i \u0219i vorb\u0103re\u021bi, p\u00e2n\u0103 la canari melodio\u0219i sau perusi prieteno\u0219i, fiecare pas\u0103re are personalitatea \u0219i nevoile ei unice. Totu\u0219i, mul\u021bi proprietari descoper\u0103 c\u0103 \u00eengrijirea unei p\u0103s\u0103ri nu este at\u00e2t de simpl\u0103 precum pare.","og_url":"https:\/\/balancepaws.shop\/ro\/product\/companionul-pasarilor-ghid-complet-de-ingrijire\/","og_site_name":"Balance Paws","article_publisher":"https:\/\/www.facebook.com\/yngyang.de","article_modified_time":"2026-02-16T14:05:55+00:00","og_image":[{"width":512,"height":800,"url":"https:\/\/balancepaws.shop\/wp-content\/uploads\/2025\/09\/Companionul-Pasarilor-\u2013-Ghid-complet-de-ingrijire.png","type":"image\/png"}],"twitter_card":"summary_large_image","schema":{"@context":"https:\/\/schema.org","@graph":[{"@type":"WebPage","@id":"https:\/\/balancepaws.shop\/product\/companionul-pasarilor-ghid-complet-de-ingrijire\/","url":"https:\/\/balancepaws.shop\/product\/companionul-pasarilor-ghid-complet-de-ingrijire\/","name":"Companionul P\u0103s\u0103rilor \u2013 Ghid complet de \u00eengrijire - Balance Paws","isPartOf":{"@id":"https:\/\/balancepaws.shop\/#website"},"primaryImageOfPage":{"@id":"https:\/\/balancepaws.shop\/product\/companionul-pasarilor-ghid-complet-de-ingrijire\/#primaryimage"},"image":{"@id":"https:\/\/balancepaws.shop\/product\/companionul-pasarilor-ghid-complet-de-ingrijire\/#primaryimage"},"thumbnailUrl":"https:\/\/balancepaws.shop\/wp-content\/uploads\/2025\/09\/Companionul-Pasarilor-\u2013-Ghid-complet-de-ingrijire.png","datePublished":"2025-09-15T17:37:44+00:00","dateModified":"2026-02-16T14:05:55+00:00","breadcrumb":{"@id":"https:\/\/balancepaws.shop\/product\/companionul-pasarilor-ghid-complet-de-ingrijire\/#breadcrumb"},"inLanguage":"ro-RO","potentialAction":[{"@type":"ReadAction","target":["https:\/\/balancepaws.shop\/product\/companionul-pasarilor-ghid-complet-de-ingrijire\/"]}]},{"@type":"ImageObject","inLanguage":"ro-RO","@id":"https:\/\/balancepaws.shop\/product\/companionul-pasarilor-ghid-complet-de-ingrijire\/#primaryimage","url":"https:\/\/balancepaws.shop\/wp-content\/uploads\/2025\/09\/Companionul-Pasarilor-\u2013-Ghid-complet-de-ingrijire.png","contentUrl":"https:\/\/balancepaws.shop\/wp-content\/uploads\/2025\/09\/Companionul-Pasarilor-\u2013-Ghid-complet-de-ingrijire.png","width":512,"height":800},{"@type":"BreadcrumbList","@id":"https:\/\/balancepaws.shop\/product\/companionul-pasarilor-ghid-complet-de-ingrijire\/#breadcrumb","itemListElement":[{"@type":"ListItem","position":1,"name":"Home","item":"https:\/\/balancepaws.shop\/"},{"@type":"ListItem","position":2,"name":"Shop","item":"https:\/\/balancepaws.shop\/shop\/"},{"@type":"ListItem","position":3,"name":"Companionul P\u0103s\u0103rilor \u2013 Ghid complet de \u00eengrijire"}]},{"@type":"WebSite","@id":"https:\/\/balancepaws.shop\/#website","url":"https:\/\/balancepaws.shop\/","name":"Balance Paws","description":"Prima cutie dedicat\u0103 animalelor de companie \u00een Rom\u00e2nia.","publisher":{"@id":"https:\/\/balancepaws.shop\/#organization"},"potentialAction":[{"@type":"SearchAction","target":{"@type":"EntryPoint","urlTemplate":"https:\/\/balancepaws.shop\/?s={search_term_string}"},"query-input":{"@type":"PropertyValueSpecification","valueRequired":true,"valueName":"search_term_string"}}],"inLanguage":"ro-RO"},{"@type":"Organization","@id":"https:\/\/balancepaws.shop\/#organization","name":"Balance Paws","url":"https:\/\/balancepaws.shop\/","logo":{"@type":"ImageObject","inLanguage":"ro-RO","@id":"https:\/\/balancepaws.shop\/#\/schema\/logo\/image\/","url":"https:\/\/balancepaws.shop\/wp-content\/uploads\/2025\/08\/cropped-1.png","contentUrl":"https:\/\/balancepaws.shop\/wp-content\/uploads\/2025\/08\/cropped-1.png","width":314,"height":268,"caption":"Balance Paws"},"image":{"@id":"https:\/\/balancepaws.shop\/#\/schema\/logo\/image\/"},"sameAs":["https:\/\/www.facebook.com\/yngyang.de","https:\/\/www.tiktok.com\/@balancepaws_shop","https:\/\/www.instagram.com\/balancepaws.shop\/"]}]}},"_links":{"self":[{"href":"https:\/\/balancepaws.shop\/ro\/wp-json\/wp\/v2\/product\/1818","targetHints":{"allow":["GET"]}}],"collection":[{"href":"https:\/\/balancepaws.shop\/ro\/wp-json\/wp\/v2\/product"}],"about":[{"href":"https:\/\/balancepaws.shop\/ro\/wp-json\/wp\/v2\/types\/product"}],"replies":[{"embeddable":true,"href":"https:\/\/balancepaws.shop\/ro\/wp-json\/wp\/v2\/comments?post=1818"}],"wp:featuredmedia":[{"embeddable":true,"href":"https:\/\/balancepaws.shop\/ro\/wp-json\/wp\/v2\/media\/1820"}],"wp:attachment":[{"href":"https:\/\/balancepaws.shop\/ro\/wp-json\/wp\/v2\/media?parent=1818"}],"wp:term":[{"taxonomy":"product_brand","embeddable":true,"href":"https:\/\/balancepaws.shop\/ro\/wp-json\/wp\/v2\/product_brand?post=1818"},{"taxonomy":"product_cat","embeddable":true,"href":"https:\/\/balancepaws.shop\/ro\/wp-json\/wp\/v2\/product_cat?post=1818"},{"taxonomy":"product_tag","embeddable":true,"href":"https:\/\/balancepaws.shop\/ro\/wp-json\/wp\/v2\/product_tag?post=1818"}],"curies":[{"name":"wp","href":"https:\/\/api.w.org\/{rel}","templated":true}]}}