{"id":1822,"date":"2025-09-15T17:59:07","date_gmt":"2025-09-15T17:59:07","guid":{"rendered":"https:\/\/balancepaws.shop\/?post_type=product&#038;p=1822"},"modified":"2026-02-16T14:05:39","modified_gmt":"2026-02-16T14:05:39","slug":"ghid-complet-pentru-un-acvariu-sanatos-si-pesti-fericiti","status":"publish","type":"product","link":"https:\/\/balancepaws.shop\/ro\/product\/ghid-complet-pentru-un-acvariu-sanatos-si-pesti-fericiti\/","title":{"rendered":"Ghid complet pentru un acvariu s\u0103n\u0103tos \u0219i pe\u0219ti ferici\u021bi"},"content":{"rendered":"\n    <div class=\"xs_social_share_widget xs_share_url after_content \t\tmain_content  wslu-style-1 wslu-share-box-shaped wslu-fill-colored wslu-none wslu-share-horizontal wslu-theme-font-no wslu-main_content\">\n\n\t\t\n        <ul>\n\t\t\t        <\/ul>\n    <\/div> \n","protected":false},"excerpt":{"rendered":"<p><span class=\"a_GcMg font-feature-liga-off font-feature-clig-off font-feature-calt-off text-decoration-none text-strikethrough-none\">Pe\u0219tii nu alearg\u0103 spre tine c\u00e2nd intri pe u\u0219\u0103 \u0219i nici nu \u00ee\u021bi sar \u00een bra\u021be pentru o por\u021bie de alint. Totu\u0219i, pentru milioane de oameni din \u00eentreaga lume, ei sunt printre cele mai \u00eendr\u0103gite animale de companie. Privirea unui acvariu bine \u00eentre\u021binut, cu pe\u0219ti colora\u021bi care plutesc gra\u021bios prin ap\u0103, are un efect calmant \u0219i aproape hipnotic. Nu \u00eent\u00e2mpl\u0103tor, acvariile sunt \u00eent\u00e2lnite adesea \u00een case, birouri sau chiar spitale \u2013 ele aduc lini\u0219te, frumuse\u021be \u0219i un strop de natur\u0103 \u00eentr-un spa\u021biu artificial.<\/span><\/p>\n","protected":false},"featured_media":1824,"comment_status":"open","ping_status":"closed","template":"","meta":{"om_disable_all_campaigns":false,"_monsterinsights_skip_tracking":false,"_monsterinsights_sitenote_active":false,"_monsterinsights_sitenote_note":"","_monsterinsights_sitenote_category":0},"product_brand":[],"product_cat":[51],"product_tag":[],"class_list":{"0":"post-1822","1":"product","2":"type-product","3":"status-publish","4":"has-post-thumbnail","6":"product_cat-ebooks","8":"first","9":"instock","10":"downloadable","11":"virtual","12":"purchasable","13":"product-type-simple"},"jetpack_sharing_enabled":true,"_links":{"self":[{"href":"https:\/\/balancepaws.shop\/ro\/wp-json\/wp\/v2\/product\/1822","targetHints":{"allow":["GET"]}}],"collection":[{"href":"https:\/\/balancepaws.shop\/ro\/wp-json\/wp\/v2\/product"}],"about":[{"href":"https:\/\/balancepaws.shop\/ro\/wp-json\/wp\/v2\/types\/product"}],"replies":[{"embeddable":true,"href":"https:\/\/balancepaws.shop\/ro\/wp-json\/wp\/v2\/comments?post=1822"}],"wp:featuredmedia":[{"embeddable":true,"href":"https:\/\/balancepaws.shop\/ro\/wp-json\/wp\/v2\/media\/1824"}],"wp:attachment":[{"href":"https:\/\/balancepaws.shop\/ro\/wp-json\/wp\/v2\/media?parent=1822"}],"wp:term":[{"taxonomy":"product_brand","embeddable":true,"href":"https:\/\/balancepaws.shop\/ro\/wp-json\/wp\/v2\/product_brand?post=1822"},{"taxonomy":"product_cat","embeddable":true,"href":"https:\/\/balancepaws.shop\/ro\/wp-json\/wp\/v2\/product_cat?post=1822"},{"taxonomy":"product_tag","embeddable":true,"href":"https:\/\/balancepaws.shop\/ro\/wp-json\/wp\/v2\/product_tag?post=1822"}],"curies":[{"name":"wp","href":"https:\/\/api.w.org\/{rel}","templated":true}]}}