{"id":736,"date":"2025-08-27T09:27:45","date_gmt":"2025-08-27T09:27:45","guid":{"rendered":"https:\/\/balancepaws.shop\/?post_type=product&#038;p=736"},"modified":"2026-02-16T14:25:05","modified_gmt":"2026-02-16T14:25:05","slug":"hrana-umeda-pisicipui-sau-vita","status":"publish","type":"product","link":"https:\/\/balancepaws.shop\/ro\/product\/hrana-umeda-pisicipui-sau-vita\/","title":{"rendered":"Hran\u0103 umed\u0103 pisici(pui sau vit\u0103)"},"content":{"rendered":"<p>M\u00e2ncare umed\u0103 pentru pofticiosul sau pofticioasa ta!<\/p>\n<p>Sortimente:<\/p>\n<ul>\n<li>Carne de pas\u0103re<\/li>\n<li>Carne de vit\u0103<\/li>\n<\/ul>\n<p>Mmmmiau!<\/p>\n\n    <div class=\"xs_social_share_widget xs_share_url after_content \t\tmain_content  wslu-style-1 wslu-share-box-shaped wslu-fill-colored wslu-none wslu-share-horizontal wslu-theme-font-no wslu-main_content\">\n\n\t\t\n        <ul>\n\t\t\t        <\/ul>\n    <\/div> \n","protected":false},"excerpt":{"rendered":"<p>M\u00e2ncare umed\u0103 pentru pofticiosul sau pofticioasa ta!<\/p>\n<p>Sortimente:<\/p>\n<ul>\n<li>Carne de pas\u0103re<\/li>\n<li>Carne de vit\u0103<\/li>\n<\/ul>\n<p>Mmmmiau!<\/p>\n","protected":false},"featured_media":735,"comment_status":"open","ping_status":"closed","template":"","meta":{"om_disable_all_campaigns":false,"_monsterinsights_skip_tracking":false,"_monsterinsights_sitenote_active":false,"_monsterinsights_sitenote_note":"","_monsterinsights_sitenote_category":0},"product_brand":[],"product_cat":[40,39],"product_tag":[],"class_list":{"0":"post-736","1":"product","2":"type-product","3":"status-publish","4":"has-post-thumbnail","6":"product_cat-hrana-uscata","7":"product_cat-mancare-recompense","9":"first","10":"instock","11":"sale","12":"shipping-taxable","13":"purchasable","14":"product-type-variable"},"jetpack_sharing_enabled":true,"_links":{"self":[{"href":"https:\/\/balancepaws.shop\/ro\/wp-json\/wp\/v2\/product\/736","targetHints":{"allow":["GET"]}}],"collection":[{"href":"https:\/\/balancepaws.shop\/ro\/wp-json\/wp\/v2\/product"}],"about":[{"href":"https:\/\/balancepaws.shop\/ro\/wp-json\/wp\/v2\/types\/product"}],"replies":[{"embeddable":true,"href":"https:\/\/balancepaws.shop\/ro\/wp-json\/wp\/v2\/comments?post=736"}],"wp:featuredmedia":[{"embeddable":true,"href":"https:\/\/balancepaws.shop\/ro\/wp-json\/wp\/v2\/media\/735"}],"wp:attachment":[{"href":"https:\/\/balancepaws.shop\/ro\/wp-json\/wp\/v2\/media?parent=736"}],"wp:term":[{"taxonomy":"product_brand","embeddable":true,"href":"https:\/\/balancepaws.shop\/ro\/wp-json\/wp\/v2\/product_brand?post=736"},{"taxonomy":"product_cat","embeddable":true,"href":"https:\/\/balancepaws.shop\/ro\/wp-json\/wp\/v2\/product_cat?post=736"},{"taxonomy":"product_tag","embeddable":true,"href":"https:\/\/balancepaws.shop\/ro\/wp-json\/wp\/v2\/product_tag?post=736"}],"curies":[{"name":"wp","href":"https:\/\/api.w.org\/{rel}","templated":true}]}}